{"id":773,"date":"2026-03-14T16:27:52","date_gmt":"2026-03-14T16:27:52","guid":{"rendered":"https:\/\/shop-aufkleber.de\/?post_type=product&#038;p=773"},"modified":"2026-03-14T17:39:33","modified_gmt":"2026-03-14T17:39:33","slug":"badehandtuch","status":"publish","type":"product","link":"https:\/\/shop-aufkleber.de\/index.php\/produkt\/badehandtuch\/","title":{"rendered":"Badehandtuch"},"content":{"rendered":"<p>Mit einer breiten Farbpalette \u2013 von Pastellt\u00f6nen bis hin zu leuchtenden Farben \u2013 und einer tollen Auswahl an Gr\u00f6\u00dfen (vom Waschhandschuh bis zum Strandtuch), passt sich die RHINE-Kollektion an fast alle Bed\u00fcrfnisse an. Perfekt f\u00fcr Zuhause, die Arbeit und auch ideal zum Verschenken: Diese multifunktionale Serie hat dank ihrer sch\u00f6nen Bord\u00fcre dazu ein \u00e4u\u00dferst stilvolles Finish.<\/p>\n<p>&nbsp;<\/p>\n<p>Merkmale:<br \/>\n\u2022 100% Baumwolle<br \/>\n\u2022 Strandtuch mit 2 Aufh\u00e4ngern<br \/>\n\u2022 Mit Bord\u00fcre (6,5 cm)<br \/>\n\u2022 Waschbar bis 60\u00b0C.<\/p>\n<p>Einsatzbereiche:<br \/>\nSportbekleidung, Tourismus, Spa &amp; Sauna, Events, Freizeit, Geschenke,<br \/>\nLizenzhandel, Merchandising, Promotions, Reisen<\/p>\n","protected":false},"excerpt":{"rendered":"<p>Mit einer breiten Farbpalette \u2013 von Pastellt\u00f6nen bis hin zu leuchtenden Farben \u2013 und einer tollen Auswahl an Gr\u00f6\u00dfen (vom Waschhandschuh bis zum Strandtuch), passt sich die RHINE-Kollektion an fast alle Bed\u00fcrfnisse an. Perfekt f\u00fcr Zuhause, die Arbeit und auch ideal zum Verschenken: Diese multifunktionale Serie hat dank ihrer sch\u00f6nen Bord\u00fcre dazu ein \u00e4u\u00dferst stilvolles [&hellip;]<\/p>\n","protected":false},"featured_media":825,"comment_status":"open","ping_status":"closed","template":"","meta":[],"product_brand":[],"product_cat":[15],"product_tag":[],"class_list":{"0":"post-773","1":"product","2":"type-product","3":"status-publish","4":"has-post-thumbnail","6":"product_cat-unkategorisiert","8":"first","9":"instock","10":"taxable","11":"shipping-taxable","12":"purchasable","13":"product-type-variable"},"jetpack_sharing_enabled":true,"_links":{"self":[{"href":"https:\/\/shop-aufkleber.de\/index.php\/wp-json\/wp\/v2\/product\/773","targetHints":{"allow":["GET"]}}],"collection":[{"href":"https:\/\/shop-aufkleber.de\/index.php\/wp-json\/wp\/v2\/product"}],"about":[{"href":"https:\/\/shop-aufkleber.de\/index.php\/wp-json\/wp\/v2\/types\/product"}],"replies":[{"embeddable":true,"href":"https:\/\/shop-aufkleber.de\/index.php\/wp-json\/wp\/v2\/comments?post=773"}],"wp:featuredmedia":[{"embeddable":true,"href":"https:\/\/shop-aufkleber.de\/index.php\/wp-json\/wp\/v2\/media\/825"}],"wp:attachment":[{"href":"https:\/\/shop-aufkleber.de\/index.php\/wp-json\/wp\/v2\/media?parent=773"}],"wp:term":[{"taxonomy":"product_brand","embeddable":true,"href":"https:\/\/shop-aufkleber.de\/index.php\/wp-json\/wp\/v2\/product_brand?post=773"},{"taxonomy":"product_cat","embeddable":true,"href":"https:\/\/shop-aufkleber.de\/index.php\/wp-json\/wp\/v2\/product_cat?post=773"},{"taxonomy":"product_tag","embeddable":true,"href":"https:\/\/shop-aufkleber.de\/index.php\/wp-json\/wp\/v2\/product_tag?post=773"}],"curies":[{"name":"wp","href":"https:\/\/api.w.org\/{rel}","templated":true}]}}