{"id":574,"date":"2026-03-08T15:59:08","date_gmt":"2026-03-08T15:59:08","guid":{"rendered":"https:\/\/shop-aufkleber.de\/?post_type=product&#038;p=574"},"modified":"2026-03-08T16:13:43","modified_gmt":"2026-03-08T16:13:43","slug":"t-shirts-selbst-gestalten","status":"publish","type":"product","link":"https:\/\/shop-aufkleber.de\/index.php\/produkt\/t-shirts-selbst-gestalten\/","title":{"rendered":"T-Shirts selbst gestalten"},"content":{"rendered":"<div class=\"swan-col-6\">\n<div class=\"swan-my-6 swan-mx-0\">\n<h2 class=\"swan-heading swan-text-x3large swan-font-weight-bold swan-font-skin-title-section\">Kreieren Sie einheitliche Bekleidung, die bequem ist und gut aussieht.<\/h2>\n<ul class=\"swan-list\">\n<li class=\"swan-pb-2\">\n<div class=\"\">100\u00a0% leichte Baumwolle<\/div>\n<\/li>\n<li class=\"swan-pb-2\">\n<div class=\"\">97\u00a0% Baumwolle, 3\u00a0% Polyester (grau meliert)<\/div>\n<\/li>\n<li class=\"swan-pb-2\">\n<div class=\"\">Doppelnaht f\u00fcr mehr Strapazierf\u00e4higkeit<\/div>\n<\/li>\n<li class=\"swan-pb-2\">\n<div class=\"\">Gr\u00f6\u00dfen von S bis 3XL<\/div>\n<\/li>\n<li class=\"swan-pb-2\">\n<div class=\"\">Auch in Kindergr\u00f6\u00dfen erh\u00e4ltlich<\/div>\n<\/li>\n<\/ul>\n<div class=\"swan-markup swan-mt-3\">\n<p><strong>Veredelungsart:<\/strong>\u00a0Digital-Direktdruck (Uneingeschr\u00e4nkte Farb- und Designauswahl. Weiches Gef\u00fchl auf der Haut. Hoher Tragekomfort) oder Siebdruck (1\u00a0Druckfarbe. Glatte, leicht erhabene Haptik. Besonders preiswert bei Gro\u00dfbestellungen).<\/p>\n<p><strong>M\u00f6chten Sie es ganz individuell gestalten?<\/strong>\u00a0W\u00e4hlen Sie aus unseren vielf\u00e4ltigen Optionen, um genau das richtige T-Shirt f\u00fcr Ihren Bedarf zu gestalten. Sie k\u00f6nnen nach Wunsch individuelle Details hinzuf\u00fcgen, um Ihr Design zu vervollst\u00e4ndigen. Wir k\u00fcmmern uns dann um den Rest. Nach dem professionellen Bedrucken Ihrer T-Shirts senden wir Ihnen diese tragefertig zu.<\/p>\n<\/div>\n<\/div>\n<\/div>\n<div class=\"swan-col-6 swan-mt-0\">\n<div class=\"swan-my-6 swan-mx-0\">\n<h2 class=\"swan-heading swan-text-x3large swan-font-weight-bold swan-font-skin-title-section\">Produktmerkmale<\/h2>\n<div class=\"swan-grid-container\">\n<div class=\"swan-row swan-pb-4\">\n<div class=\"swan-col-5\">\n<div class=\"swan-font-skin-body-small-bold\">Typ: T-Shirt<\/div>\n<\/div>\n<\/div>\n<div class=\"swan-row swan-pb-4\">\n<div class=\"swan-col-5\">\n<div class=\"swan-font-skin-body-small-bold\">Markenname: Fruit of the Loom<\/div>\n<\/div>\n<\/div>\n<div class=\"swan-row swan-pb-4\">\n<div class=\"swan-col-5\">\n<div class=\"swan-font-skin-body-small-bold\">Modell: Men, Unisex<\/div>\n<\/div>\n<\/div>\n<div class=\"swan-row swan-pb-4\">\n<div class=\"swan-col-5\">\n<div class=\"swan-font-skin-body-small-bold\">Kragenform: Rundhalsausschnitt<\/div>\n<\/div>\n<\/div>\n<div class=\"swan-row swan-pb-4\">\n<div class=\"swan-col-5\">\n<div class=\"swan-font-skin-body-small-bold\">\u00c4rmelform: Kurz\u00e4rmelig<\/div>\n<\/div>\n<\/div>\n<div class=\"swan-row swan-pb-4\">\n<div class=\"swan-col-5\">\n<div class=\"swan-font-skin-body-small-bold\">Gewicht. 165g<\/div>\n<\/div>\n<\/div>\n<div class=\"swan-row swan-pb-4\">\n<div class=\"swan-col-5\">\n<div class=\"swan-font-skin-body-small-bold\">Material: 100 % Baumwolle<\/div>\n<\/div>\n<\/div>\n<\/div>\n<\/div>\n<\/div>\n","protected":false},"excerpt":{"rendered":"<p>Kreieren Sie einheitliche Bekleidung, die bequem ist und gut aussieht. 100\u00a0% leichte Baumwolle 97\u00a0% Baumwolle, 3\u00a0% Polyester (grau meliert) Doppelnaht f\u00fcr mehr Strapazierf\u00e4higkeit Gr\u00f6\u00dfen von S bis 3XL Auch in Kindergr\u00f6\u00dfen erh\u00e4ltlich Veredelungsart:\u00a0Digital-Direktdruck (Uneingeschr\u00e4nkte Farb- und Designauswahl. Weiches Gef\u00fchl auf der Haut. Hoher Tragekomfort) oder Siebdruck (1\u00a0Druckfarbe. Glatte, leicht erhabene Haptik. Besonders preiswert bei Gro\u00dfbestellungen). [&hellip;]<\/p>\n","protected":false},"featured_media":769,"comment_status":"open","ping_status":"closed","template":"","meta":[],"product_brand":[],"product_cat":[15],"product_tag":[],"class_list":{"0":"post-574","1":"product","2":"type-product","3":"status-publish","4":"has-post-thumbnail","6":"product_cat-unkategorisiert","8":"first","9":"instock","10":"taxable","11":"shipping-taxable","12":"purchasable","13":"product-type-variable"},"jetpack_sharing_enabled":true,"_links":{"self":[{"href":"https:\/\/shop-aufkleber.de\/index.php\/wp-json\/wp\/v2\/product\/574","targetHints":{"allow":["GET"]}}],"collection":[{"href":"https:\/\/shop-aufkleber.de\/index.php\/wp-json\/wp\/v2\/product"}],"about":[{"href":"https:\/\/shop-aufkleber.de\/index.php\/wp-json\/wp\/v2\/types\/product"}],"replies":[{"embeddable":true,"href":"https:\/\/shop-aufkleber.de\/index.php\/wp-json\/wp\/v2\/comments?post=574"}],"wp:featuredmedia":[{"embeddable":true,"href":"https:\/\/shop-aufkleber.de\/index.php\/wp-json\/wp\/v2\/media\/769"}],"wp:attachment":[{"href":"https:\/\/shop-aufkleber.de\/index.php\/wp-json\/wp\/v2\/media?parent=574"}],"wp:term":[{"taxonomy":"product_brand","embeddable":true,"href":"https:\/\/shop-aufkleber.de\/index.php\/wp-json\/wp\/v2\/product_brand?post=574"},{"taxonomy":"product_cat","embeddable":true,"href":"https:\/\/shop-aufkleber.de\/index.php\/wp-json\/wp\/v2\/product_cat?post=574"},{"taxonomy":"product_tag","embeddable":true,"href":"https:\/\/shop-aufkleber.de\/index.php\/wp-json\/wp\/v2\/product_tag?post=574"}],"curies":[{"name":"wp","href":"https:\/\/api.w.org\/{rel}","templated":true}]}}