{"id":567,"date":"2026-02-28T19:18:38","date_gmt":"2026-02-28T19:18:38","guid":{"rendered":"https:\/\/shop-aufkleber.de\/?post_type=product&#038;p=567"},"modified":"2026-03-15T12:47:40","modified_gmt":"2026-03-15T11:47:40","slug":"teset-nicht-kauf-paar","status":"publish","type":"product","link":"https:\/\/shop-aufkleber.de\/index.php\/produkt\/teset-nicht-kauf-paar\/","title":{"rendered":"Fototasse"},"content":{"rendered":"<p>Dank des patentierten Designs und der nach BS EN 12875-4 unabh\u00e4ngig getesteten Sp\u00fclmaschinensicherheit von mindestens 3.000 Sp\u00fclg\u00e4ngen, kann das Lieblingsmotiv immer wieder in fotorealistischer Qualit\u00e4t auf der Tasse bewundert werden. Die Tasse ist 100% sp\u00fclmaschinenfest, so dass die Reinigung sorgenfrei maschinell stattfinden kann.<\/p>\n<ul>\n<li><\/li>\n<li>Oberfl\u00e4che: hochwei\u00df-gl\u00e4nzend<\/li>\n<li>Geschirrsp\u00fcler: geeignet, nach BS EN 12875-4 f\u00fcr mehr als 3.000 Sp\u00fclmaschineng\u00e4nge<\/li>\n<li>Henkel: C-f\u00f6rmig<\/li>\n<li>H\u00f6he\u00a095 mm, Durchmesser\u00a080 mm, Gewicht\u00a0325 g<\/li>\n<li>Fassungsverm\u00f6gen 11oz, ca. 330 ml<\/li>\n<\/ul>\n","protected":false},"excerpt":{"rendered":"<p>Fototasse<\/p>\n","protected":false},"featured_media":570,"comment_status":"open","ping_status":"closed","template":"","meta":[],"product_brand":[],"product_cat":[29],"product_tag":[],"class_list":{"0":"post-567","1":"product","2":"type-product","3":"status-publish","4":"has-post-thumbnail","6":"product_cat-personalisierte-artikel","8":"first","9":"instock","10":"taxable","11":"shipping-taxable","12":"purchasable","13":"product-type-simple"},"jetpack_sharing_enabled":true,"_links":{"self":[{"href":"https:\/\/shop-aufkleber.de\/index.php\/wp-json\/wp\/v2\/product\/567","targetHints":{"allow":["GET"]}}],"collection":[{"href":"https:\/\/shop-aufkleber.de\/index.php\/wp-json\/wp\/v2\/product"}],"about":[{"href":"https:\/\/shop-aufkleber.de\/index.php\/wp-json\/wp\/v2\/types\/product"}],"replies":[{"embeddable":true,"href":"https:\/\/shop-aufkleber.de\/index.php\/wp-json\/wp\/v2\/comments?post=567"}],"wp:featuredmedia":[{"embeddable":true,"href":"https:\/\/shop-aufkleber.de\/index.php\/wp-json\/wp\/v2\/media\/570"}],"wp:attachment":[{"href":"https:\/\/shop-aufkleber.de\/index.php\/wp-json\/wp\/v2\/media?parent=567"}],"wp:term":[{"taxonomy":"product_brand","embeddable":true,"href":"https:\/\/shop-aufkleber.de\/index.php\/wp-json\/wp\/v2\/product_brand?post=567"},{"taxonomy":"product_cat","embeddable":true,"href":"https:\/\/shop-aufkleber.de\/index.php\/wp-json\/wp\/v2\/product_cat?post=567"},{"taxonomy":"product_tag","embeddable":true,"href":"https:\/\/shop-aufkleber.de\/index.php\/wp-json\/wp\/v2\/product_tag?post=567"}],"curies":[{"name":"wp","href":"https:\/\/api.w.org\/{rel}","templated":true}]}}