{"id":336,"date":"2026-02-21T14:52:55","date_gmt":"2026-02-21T14:52:55","guid":{"rendered":"https:\/\/tobias.vintech.systems\/?post_type=product&#038;p=336"},"modified":"2026-02-21T15:56:01","modified_gmt":"2026-02-21T15:56:01","slug":"umhaengetasche-aus-recycelter-lkw-plane","status":"publish","type":"product","link":"https:\/\/shop-aufkleber.de\/index.php\/produkt\/umhaengetasche-aus-recycelter-lkw-plane\/","title":{"rendered":"Umh\u00e4ngetasche aus recycelter LKW-Plane"},"content":{"rendered":"<p><span style=\"font-size: large;\">Umh\u00e4ngetasche aus recycelter LKW-Plane<\/span><\/p>\n<div>\n<div><span style=\"font-size: large;\">Auf Wunsch in wei\u00df oder blau oder in blau-wei\u00df erh\u00e4ltlich. Bei weiteren Farbw\u00fcnschen, Gr\u00f6\u00dfen oder sonstigen \u00c4nderungen gerne Anfragen.<\/span><\/div>\n<div><span style=\"font-size: large;\">\u00a0<\/span><\/div>\n<div><span style=\"font-size: large;\">Angenehmer Tragekomfort mit langem Henkel. Es passt ohne Probleme ein DIN A4 Ordner rein.<\/span><\/div>\n<div><span style=\"font-size: large;\">\u00a0<\/span><\/div>\n<div><span style=\"font-size: large;\">Gr\u00f6\u00dfe: 35cm breit, 31 hoch, 11 tief<\/span><\/div>\n<\/div>\n","protected":false},"excerpt":{"rendered":"<p>Umh\u00e4ngetasche aus recycelter LKW-Plane<\/p>\n","protected":false},"featured_media":225,"comment_status":"open","ping_status":"closed","template":"","meta":[],"product_brand":[],"product_cat":[15],"product_tag":[],"class_list":{"0":"post-336","1":"product","2":"type-product","3":"status-publish","4":"has-post-thumbnail","6":"product_cat-unkategorisiert","8":"first","9":"instock","10":"taxable","11":"shipping-taxable","12":"purchasable","13":"product-type-simple"},"jetpack_sharing_enabled":true,"_links":{"self":[{"href":"https:\/\/shop-aufkleber.de\/index.php\/wp-json\/wp\/v2\/product\/336","targetHints":{"allow":["GET"]}}],"collection":[{"href":"https:\/\/shop-aufkleber.de\/index.php\/wp-json\/wp\/v2\/product"}],"about":[{"href":"https:\/\/shop-aufkleber.de\/index.php\/wp-json\/wp\/v2\/types\/product"}],"replies":[{"embeddable":true,"href":"https:\/\/shop-aufkleber.de\/index.php\/wp-json\/wp\/v2\/comments?post=336"}],"wp:featuredmedia":[{"embeddable":true,"href":"https:\/\/shop-aufkleber.de\/index.php\/wp-json\/wp\/v2\/media\/225"}],"wp:attachment":[{"href":"https:\/\/shop-aufkleber.de\/index.php\/wp-json\/wp\/v2\/media?parent=336"}],"wp:term":[{"taxonomy":"product_brand","embeddable":true,"href":"https:\/\/shop-aufkleber.de\/index.php\/wp-json\/wp\/v2\/product_brand?post=336"},{"taxonomy":"product_cat","embeddable":true,"href":"https:\/\/shop-aufkleber.de\/index.php\/wp-json\/wp\/v2\/product_cat?post=336"},{"taxonomy":"product_tag","embeddable":true,"href":"https:\/\/shop-aufkleber.de\/index.php\/wp-json\/wp\/v2\/product_tag?post=336"}],"curies":[{"name":"wp","href":"https:\/\/api.w.org\/{rel}","templated":true}]}}