{"id":293,"date":"2026-02-21T14:40:47","date_gmt":"2026-02-21T14:40:47","guid":{"rendered":"https:\/\/tobias.vintech.systems\/?post_type=product&#038;p=293"},"modified":"2026-02-28T14:05:11","modified_gmt":"2026-02-28T14:05:11","slug":"feuerwehr-softshelljacke-design-ffw-aus-100-recyceltem-polyester","status":"publish","type":"product","link":"https:\/\/shop-aufkleber.de\/index.php\/produkt\/feuerwehr-softshelljacke-design-ffw-aus-100-recyceltem-polyester\/","title":{"rendered":"Feuerwehr Softshelljacke, Design: FFW, aus 100% recyceltem Polyester"},"content":{"rendered":"<p><span style=\"font-size: x-large;\">Verkaufe wundersch\u00f6ne Softshelljacke aus 100% recyceltem Polyester mit Aufdruck vorne und hinten: &#8222;FFW (Ortsname)&#8220;.<\/span><\/p>\n<div><\/div>\n<div><span style=\"font-size: x-large;\">Bei Wunsch auch gerne mit Vor- und Zunamen auf dem \u00c4rmel.<\/span><\/div>\n<div><span style=\"font-size: x-large;\">\u00a0<\/span><\/div>\n<div><span style=\"font-size: x-large;\">Gerne auch mit anderem Logo.<\/span><\/div>\n<div><span style=\"font-size: x-large;\">\u00a0<\/span><\/div>\n<div><span style=\"font-size: x-large;\">Folgende Gr\u00f6\u00dfen sind vorhanden: S bis XXXL<\/span><\/div>\n<div><span style=\"font-size: x-large;\">Material: 100% recyceltes Polyester<\/span><\/div>\n<div><\/div>\n<div>\n<h1><em><strong>Nachricht Mit Namen und Ort Bei Notz an Verk\u00e4ufer an der Kasse<\/strong><\/em><\/h1>\n<\/div>\n","protected":false},"excerpt":{"rendered":"<p>Verkaufe wundersch\u00f6ne Softshelljacke aus 100% recyceltem Polyester mit Aufdruck vorne und hinten: &#8222;FFW (Ortsname)&#8220;. Bei Wunsch auch gerne mit Vor- und Zunamen auf dem \u00c4rmel. \u00a0 Gerne auch mit anderem Logo. \u00a0 Folgende Gr\u00f6\u00dfen sind vorhanden: S bis XXXL Material: 100% recyceltes Polyester Nachricht Mit Namen und Ort Bei Notz an Verk\u00e4ufer an der Kasse<\/p>\n","protected":false},"featured_media":171,"comment_status":"open","ping_status":"closed","template":"","meta":[],"product_brand":[],"product_cat":[15],"product_tag":[],"class_list":{"0":"post-293","1":"product","2":"type-product","3":"status-publish","4":"has-post-thumbnail","6":"product_cat-unkategorisiert","8":"first","9":"instock","10":"taxable","11":"shipping-taxable","12":"purchasable","13":"product-type-variable"},"jetpack_sharing_enabled":true,"_links":{"self":[{"href":"https:\/\/shop-aufkleber.de\/index.php\/wp-json\/wp\/v2\/product\/293","targetHints":{"allow":["GET"]}}],"collection":[{"href":"https:\/\/shop-aufkleber.de\/index.php\/wp-json\/wp\/v2\/product"}],"about":[{"href":"https:\/\/shop-aufkleber.de\/index.php\/wp-json\/wp\/v2\/types\/product"}],"replies":[{"embeddable":true,"href":"https:\/\/shop-aufkleber.de\/index.php\/wp-json\/wp\/v2\/comments?post=293"}],"wp:featuredmedia":[{"embeddable":true,"href":"https:\/\/shop-aufkleber.de\/index.php\/wp-json\/wp\/v2\/media\/171"}],"wp:attachment":[{"href":"https:\/\/shop-aufkleber.de\/index.php\/wp-json\/wp\/v2\/media?parent=293"}],"wp:term":[{"taxonomy":"product_brand","embeddable":true,"href":"https:\/\/shop-aufkleber.de\/index.php\/wp-json\/wp\/v2\/product_brand?post=293"},{"taxonomy":"product_cat","embeddable":true,"href":"https:\/\/shop-aufkleber.de\/index.php\/wp-json\/wp\/v2\/product_cat?post=293"},{"taxonomy":"product_tag","embeddable":true,"href":"https:\/\/shop-aufkleber.de\/index.php\/wp-json\/wp\/v2\/product_tag?post=293"}],"curies":[{"name":"wp","href":"https:\/\/api.w.org\/{rel}","templated":true}]}}