{"id":285,"date":"2026-02-21T14:10:29","date_gmt":"2026-02-21T14:10:29","guid":{"rendered":"https:\/\/tobias.vintech.systems\/?post_type=product&#038;p=285"},"modified":"2026-02-21T15:39:01","modified_gmt":"2026-02-21T15:39:01","slug":"schluesselanhaenger-aus-altem-feuerwehrschlauch","status":"publish","type":"product","link":"https:\/\/shop-aufkleber.de\/index.php\/produkt\/schluesselanhaenger-aus-altem-feuerwehrschlauch\/","title":{"rendered":"Schl\u00fcsselanh\u00e4nger aus altem Feuerwehrschlauch"},"content":{"rendered":"<p>Schl\u00fcsselanh\u00e4nger aus altem Feuerwehrschlauch<\/p>\n<p>Schl\u00fcsselanh\u00e4nger aus altem Feuerwehrschlauch mit roter Naht. Der Schl\u00fcsselring hat einen Durchmesser von 3 cm.<\/p>\n<div>M\u00f6chten Sie den Schl\u00fcsselanh\u00e4nger lieber mit gelber Naht haben, ist das auch m\u00f6glich.<\/div>\n","protected":false},"excerpt":{"rendered":"<p>Schl\u00fcsselanh\u00e4nger aus altem Feuerwehrschlauch<\/p>\n","protected":false},"featured_media":222,"comment_status":"open","ping_status":"closed","template":"","meta":[],"product_brand":[],"product_cat":[15],"product_tag":[],"class_list":{"0":"post-285","1":"product","2":"type-product","3":"status-publish","4":"has-post-thumbnail","6":"product_cat-unkategorisiert","8":"first","9":"instock","10":"taxable","11":"shipping-taxable","12":"purchasable","13":"product-type-simple"},"jetpack_sharing_enabled":true,"_links":{"self":[{"href":"https:\/\/shop-aufkleber.de\/index.php\/wp-json\/wp\/v2\/product\/285","targetHints":{"allow":["GET"]}}],"collection":[{"href":"https:\/\/shop-aufkleber.de\/index.php\/wp-json\/wp\/v2\/product"}],"about":[{"href":"https:\/\/shop-aufkleber.de\/index.php\/wp-json\/wp\/v2\/types\/product"}],"replies":[{"embeddable":true,"href":"https:\/\/shop-aufkleber.de\/index.php\/wp-json\/wp\/v2\/comments?post=285"}],"wp:featuredmedia":[{"embeddable":true,"href":"https:\/\/shop-aufkleber.de\/index.php\/wp-json\/wp\/v2\/media\/222"}],"wp:attachment":[{"href":"https:\/\/shop-aufkleber.de\/index.php\/wp-json\/wp\/v2\/media?parent=285"}],"wp:term":[{"taxonomy":"product_brand","embeddable":true,"href":"https:\/\/shop-aufkleber.de\/index.php\/wp-json\/wp\/v2\/product_brand?post=285"},{"taxonomy":"product_cat","embeddable":true,"href":"https:\/\/shop-aufkleber.de\/index.php\/wp-json\/wp\/v2\/product_cat?post=285"},{"taxonomy":"product_tag","embeddable":true,"href":"https:\/\/shop-aufkleber.de\/index.php\/wp-json\/wp\/v2\/product_tag?post=285"}],"curies":[{"name":"wp","href":"https:\/\/api.w.org\/{rel}","templated":true}]}}