{"id":539,"date":"2026-02-21T18:54:04","date_gmt":"2026-02-21T18:54:04","guid":{"rendered":"https:\/\/tobias.vintech.systems\/?page_id=539"},"modified":"2026-02-21T19:58:56","modified_gmt":"2026-02-21T19:58:56","slug":"versandkosten","status":"publish","type":"page","link":"https:\/\/shop-aufkleber.de\/index.php\/versandkosten\/","title":{"rendered":"Versandkosten"},"content":{"rendered":"\n<p class=\"has-x-large-font-size\"><strong>Abholung<\/strong><\/p>\n\n\n\n<p style=\"padding-top:0;padding-right:0;padding-bottom:0;padding-left:0;line-height:0.6\">Abholung ist m\u00f6glich, nach Vereinbarung.<\/p>\n\n\n\n<p><\/p>\n\n\n\n<p style=\"padding-top:0;padding-right:0;padding-bottom:0;padding-left:0;line-height:0.6\">Abholung: <\/p>\n\n\n\n<p style=\"padding-top:0;padding-right:0;padding-bottom:0;padding-left:0;line-height:0.6\">Eberst\u00e4dter Str. 28<\/p>\n\n\n\n<p style=\"padding-top:0;padding-right:0;padding-bottom:0;padding-left:0;line-height:0.6\">64367 M\u00fchltal <\/p>\n\n\n\n<p><\/p>\n\n\n\n<p style=\"line-height:0.4\">Uhrzeiten: <\/p>\n\n\n\n<p style=\"line-height:0.4\">Montags &#8211; Freitags: 16:00 -20:00 Uhr<\/p>\n\n\n\n<p style=\"line-height:0.4\">Samstags-Sonntags: 13:00-20:00 Uhr<\/p>\n\n\n\n<p style=\"line-height:0.4\"><\/p>\n\n\n\n<h2 class=\"wp-block-heading\">Unsere Versandzeiten<\/h2>\n\n\n\n<p><strong>Deutschland<\/strong><\/p>\n\n\n\n<p><strong>Bankeinzug<\/strong><br>Lieferzeit: 2-3 Werktage<\/p>\n\n\n\n<p><strong>Paypal<\/strong><br>Lieferzeit: 2-3 Werktage<\/p>\n\n\n\n<p><strong>Amazon Pay<\/strong><br>Lieferzeit: 2-3 Werktage<\/p>\n\n\n\n<p><strong>Kauf auf Rechnung<\/strong><br>Lieferzeit: 2-3 Werktage<\/p>\n\n\n\n<p><strong>Vorkasse per \u00dcberweisung<\/strong><br>Lieferzeit: 3-5 Werktage nach Zahlungseingang<\/p>\n\n\n\n<p><strong>Weltweit<\/strong><br>Die Versanddauer erf\u00e4hrst du bei unserem\u00a0<a href=\"http:\/\/dct.dhl.com\/input.jsp?langId=de&amp;originCCId=DE\" target=\"_blank\" rel=\"noreferrer noopener\">Versandpartner DHL<\/a>, auf Kundenwunsch wird weltweit gegen Aufpreis versendet.<\/p>\n\n\n\n<p><strong>Information zur Berechnung des Liefertermins:<\/strong><\/p>\n\n\n\n<p>Die Frist f\u00fcr die Lieferung beginnt bei Zahlung per Vorkasse am Tag nach Erteilung des Zahlungsauftrags an das \u00fcberweisende Kreditinstitut bzw. bei anderen Zahlungsarten am Tag nach Vertragsschluss zu laufen und endet mit dem Ablauf des letzten Tages der Frist. F\u00e4llt der letzte Tag der Frist auf einen Sonntag oder einen am Lieferort staatlich anerkannten allgemeinen Feiertag, so tritt an die Stelle eines solchen Tages der n\u00e4chste Werktag.<\/p>\n\n\n\n<h2 class=\"wp-block-heading\"><strong>Versandkosten und Lieferbedingungen<\/strong><\/h2>\n\n\n\n<p><strong>Lieferbedingungen<\/strong><\/p>\n\n\n\n<p>Die Lieferung erfolgt \u00fcber GLS und Deutsche Post. Andere Versandanbieter sind gegen Aufpreis m\u00f6glich.<\/p>\n\n\n\n<h3 class=\"wp-block-heading\">Deutschland<\/h3>\n\n\n\n<p>Kostenloser Versand.<\/p>\n\n\n\n<h3 class=\"wp-block-heading\">Weltweit<\/h3>\n\n\n\n<p>Versandkosten wird f\u00fcr jeden weltweiten Versand neu berechnet.<\/p>\n\n\n\n<p>Bei Lieferungen in das Nicht-EU Ausland fallen zus\u00e4tzliche Z\u00f6lle und Geb\u00fchren an.<\/p>\n","protected":false},"excerpt":{"rendered":"<p>Abholung Abholung ist m\u00f6glich, nach Vereinbarung. Abholung: Eberst\u00e4dter Str. 28 64367 M\u00fchltal Uhrzeiten: Montags &#8211; Freitags: 16:00 -20:00 Uhr Samstags-Sonntags: 13:00-20:00 Uhr Unsere Versandzeiten Deutschland BankeinzugLieferzeit: 2-3 Werktage PaypalLieferzeit: 2-3 Werktage Amazon PayLieferzeit: 2-3 Werktage Kauf auf RechnungLieferzeit: 2-3 Werktage Vorkasse per \u00dcberweisungLieferzeit: 3-5 Werktage nach Zahlungseingang WeltweitDie Versanddauer erf\u00e4hrst du bei unserem\u00a0Versandpartner DHL, auf [&hellip;]<\/p>\n","protected":false},"author":1,"featured_media":0,"parent":0,"menu_order":0,"comment_status":"closed","ping_status":"closed","template":"","meta":{"footnotes":""},"class_list":["post-539","page","type-page","status-publish","hentry"],"jetpack_sharing_enabled":true,"_links":{"self":[{"href":"https:\/\/shop-aufkleber.de\/index.php\/wp-json\/wp\/v2\/pages\/539","targetHints":{"allow":["GET"]}}],"collection":[{"href":"https:\/\/shop-aufkleber.de\/index.php\/wp-json\/wp\/v2\/pages"}],"about":[{"href":"https:\/\/shop-aufkleber.de\/index.php\/wp-json\/wp\/v2\/types\/page"}],"author":[{"embeddable":true,"href":"https:\/\/shop-aufkleber.de\/index.php\/wp-json\/wp\/v2\/users\/1"}],"replies":[{"embeddable":true,"href":"https:\/\/shop-aufkleber.de\/index.php\/wp-json\/wp\/v2\/comments?post=539"}],"version-history":[{"count":4,"href":"https:\/\/shop-aufkleber.de\/index.php\/wp-json\/wp\/v2\/pages\/539\/revisions"}],"predecessor-version":[{"id":546,"href":"https:\/\/shop-aufkleber.de\/index.php\/wp-json\/wp\/v2\/pages\/539\/revisions\/546"}],"wp:attachment":[{"href":"https:\/\/shop-aufkleber.de\/index.php\/wp-json\/wp\/v2\/media?parent=539"}],"curies":[{"name":"wp","href":"https:\/\/api.w.org\/{rel}","templated":true}]}}