{"id":11,"date":"2026-02-21T18:30:39","date_gmt":"2026-02-21T18:30:39","guid":{"rendered":"https:\/\/tobias.vintech.systems\/?page_id=11"},"modified":"2026-02-25T16:52:49","modified_gmt":"2026-02-25T16:52:49","slug":"rueckerstattung_rueckgaben","status":"publish","type":"page","link":"https:\/\/shop-aufkleber.de\/index.php\/rueckerstattung_rueckgaben\/","title":{"rendered":"Richtlinie f\u00fcr R\u00fcckerstattungen und R\u00fcckgaben"},"content":{"rendered":"\n<p><br><br>\u00dcbersicht<br><br>Sie haben 30 Tage Zeit, um Artikel zur\u00fcckzugeben oder eine Erstattung zu beantragen. Nach Ablauf dieser Frist k\u00f6nnen wir Ihnen keine vollst\u00e4ndige R\u00fcckerstattung oder einen Umtausch mehr anbieten.<br><br>Um f\u00fcr eine R\u00fcckgabe berechtigt zu sein, muss der Artikel unbenutzt und im Originalzustand sein. Er muss sich au\u00dferdem in der Originalverpackung befinden.<br><br>Bestimmte Artikel sind von der R\u00fcckgabe ausgeschlossen. Dazu geh\u00f6ren Waren wie Zeitungen und Zeitschriften. Ebenso ausgeschlossen sind personalisierte Artikel.<br><br>Weitere Artikel, die von der R\u00fcckgabe ausgeschlossen sind:<br><br>Geschenkgutscheine<br><br>Downloaddateien<br><br>F\u00fcr die Bearbeitung Ihrer R\u00fcckgabe ben\u00f6tigen wir einen Kaufbeleg.<br><br>Bitte senden Sie Ihre Ware nicht an den Hersteller zur\u00fcck.<br><br>In bestimmten F\u00e4llen werden nur Teilerstattungen gew\u00e4hrt:<br><br>Artikel, die nicht im Originalzustand sind, besch\u00e4digt sind oder deren Teile fehlen (sofern dies nicht auf unser Verschulden zur\u00fcckzuf\u00fchren ist).<br><br>Artikel, die sp\u00e4ter als 30 Tage nach Lieferung zur\u00fcckgesendet werden.<br><br>R\u00fcckerstattungen<br><br>Sobald Ihre R\u00fccksendung bei uns eingegangen und gepr\u00fcft wurde, erhalten Sie eine E-Mail-Benachrichtigung. Wir informieren Sie darin \u00fcber die Genehmigung oder Ablehnung Ihrer R\u00fcckerstattung.<br><br>Im Falle einer Genehmigung wird Ihre R\u00fcckerstattung bearbeitet und Ihrem Konto (urspr\u00fcngliche Zahlungsmethode) innerhalb weniger Tage gutgeschrieben.<br><br>Versp\u00e4tete oder fehlende R\u00fcckerstattungen<br><br>Sollten Sie noch keine R\u00fcckerstattung erhalten haben, \u00fcberpr\u00fcfen Sie bitte zun\u00e4chst Ihr Bankkonto.<br><br>Es kann einige Zeit dauern, bis die R\u00fcckerstattung verbucht wird.<br><br>Kontaktieren Sie danach Ihre Bank. Die Bearbeitung einer R\u00fcckerstattung kann einige Zeit in Anspruch nehmen.<br><br>Falls Sie all diese Schritte befolgt haben und Ihre R\u00fcckerstattung noch nicht erhalten haben, kontaktieren Sie uns bitte unter <a href=\"mailto:retoure@shop-aufkleber.de\">retoure@shop-aufkleber.de<\/a>.<br><br>Reduzierte Artikel<br><br>Nur Artikel zum regul\u00e4ren Preis k\u00f6nnen erstattet werden. Reduzierte Artikel sind von der R\u00fcckerstattung ausgeschlossen.<\/p>\n\n\n\n<p>Umtausch<br><br>Wir tauschen Artikel nur um, wenn sie defekt oder besch\u00e4digt sind. Wenn Sie einen Artikel gegen denselben Artikel umtauschen m\u00f6chten, senden Sie uns bitte eine E-Mail an <a href=\"mailto:retoure@shop-aufkleber.de\">retoure@shop-aufkleber.de<\/a> und schicken Sie Ihren Artikel an: Deine Aufkleber Eberst\u00e4dter Str. 28 64367 M\u00fchltal.<br><br>Geschenke<br><br>Wenn der Artikel beim Kauf als Geschenk gekennzeichnet und direkt an Sie versandt wurde, erhalten Sie eine Gutschrift in H\u00f6he des Warenwerts. Nach Eingang des zur\u00fcckgesendeten Artikels wird Ihnen ein Geschenkgutschein zugesandt.<br><br>Wenn der Artikel beim Kauf nicht als Geschenk gekennzeichnet war oder der Schenkende die Bestellung an sich selbst liefern lie\u00df, um Sie Ihnen sp\u00e4ter zu \u00fcberreichen, erstatten wir den Kaufpreis an den Schenkenden zur\u00fcck. Dieser wird somit \u00fcber Ihre R\u00fccksendung informiert.<br><br>R\u00fccksendungen<br><br>Um Ihr Produkt zur\u00fcckzusenden, schicken Sie es bitte an:\u00a0 Deine Aufkleber Eberst\u00e4dter Str. 28 64367 M\u00fchltal.<br><br>Sie tragen die Kosten f\u00fcr die R\u00fccksendung. Versandkosten werden nicht erstattet. Im Falle einer R\u00fcckerstattung werden die Kosten f\u00fcr die R\u00fccksendung von Ihrem Erstattungsbetrag abgezogen.<br><br>Je nach Ihrem Wohnort kann die Lieferzeit f\u00fcr Ihr umgetauschtes Produkt variieren.<br><br>Bei R\u00fccksendungen teurerer Artikel empfehlen wir Ihnen, einen Versand mit Sendungsverfolgung oder eine Transportversicherung abzuschlie\u00dfen. Wir \u00fcbernehmen keine Garantie f\u00fcr den Erhalt Ihrer R\u00fccksendung.<br><br>Ben\u00f6tigen Sie Hilfe?<br><br>Kontaktieren Sie uns unter <a href=\"https:\/\/web01.data-sprout.de\/smb\/email-address\/edit\/id\/161\"><a href=\"mailto:retoure@shop-aufkleber.de\">retoure@shop-aufkleber.de<\/a><\/a>, wenn Sie Fragen zu R\u00fcckerstattungen und R\u00fccksendungen haben.<\/p>\n","protected":false},"excerpt":{"rendered":"<p>\u00dcbersicht Sie haben 30 Tage Zeit, um Artikel zur\u00fcckzugeben oder eine Erstattung zu beantragen. Nach Ablauf dieser Frist k\u00f6nnen wir Ihnen keine vollst\u00e4ndige R\u00fcckerstattung oder einen Umtausch mehr anbieten. Um f\u00fcr eine R\u00fcckgabe berechtigt zu sein, muss der Artikel unbenutzt und im Originalzustand sein. Er muss sich au\u00dferdem in der Originalverpackung befinden. Bestimmte Artikel sind [&hellip;]<\/p>\n","protected":false},"author":1,"featured_media":0,"parent":0,"menu_order":0,"comment_status":"closed","ping_status":"closed","template":"","meta":{"footnotes":""},"class_list":["post-11","page","type-page","status-publish","hentry"],"jetpack_sharing_enabled":true,"_links":{"self":[{"href":"https:\/\/shop-aufkleber.de\/index.php\/wp-json\/wp\/v2\/pages\/11","targetHints":{"allow":["GET"]}}],"collection":[{"href":"https:\/\/shop-aufkleber.de\/index.php\/wp-json\/wp\/v2\/pages"}],"about":[{"href":"https:\/\/shop-aufkleber.de\/index.php\/wp-json\/wp\/v2\/types\/page"}],"author":[{"embeddable":true,"href":"https:\/\/shop-aufkleber.de\/index.php\/wp-json\/wp\/v2\/users\/1"}],"replies":[{"embeddable":true,"href":"https:\/\/shop-aufkleber.de\/index.php\/wp-json\/wp\/v2\/comments?post=11"}],"version-history":[{"count":7,"href":"https:\/\/shop-aufkleber.de\/index.php\/wp-json\/wp\/v2\/pages\/11\/revisions"}],"predecessor-version":[{"id":559,"href":"https:\/\/shop-aufkleber.de\/index.php\/wp-json\/wp\/v2\/pages\/11\/revisions\/559"}],"wp:attachment":[{"href":"https:\/\/shop-aufkleber.de\/index.php\/wp-json\/wp\/v2\/media?parent=11"}],"curies":[{"name":"wp","href":"https:\/\/api.w.org\/{rel}","templated":true}]}}